{"id":2071,"date":"2019-02-05T09:18:55","date_gmt":"2019-02-05T09:18:55","guid":{"rendered":"http:\/\/www.forumvicus.cat\/regala\/"},"modified":"2019-02-11T10:30:45","modified_gmt":"2019-02-11T10:30:45","slug":"regala","status":"publish","type":"page","link":"https:\/\/www.forumvicus.cat\/es\/regala\/","title":{"rendered":"Regala FORUM VICUS"},"content":{"rendered":"<p><div class=\"fusion-bg-parallax\" data-bg-align=\"left center\" data-direction=\"left\" data-mute=\"false\" data-opacity=\"100\" data-velocity=\"-0.4\" data-mobile-enabled=\"false\" data-break_parents=\"0\" data-bg-image=\"http:\/\/www.forumvicus.cat\/wp-content\/uploads\/2019\/02\/fregala2.jpg\" data-bg-repeat=\"false\" ><\/div><div class=\"fusion-fullwidth fullwidth-box fusion-builder-row-1 fusion-parallax-left nonhundred-percent-fullwidth non-hundred-percent-height-scrolling\" style=\"--awb-background-position:left center;--awb-border-radius-top-left:0px;--awb-border-radius-top-right:0px;--awb-border-radius-bottom-right:0px;--awb-border-radius-bottom-left:0px;--awb-padding-top:5%;--awb-padding-right:5%;--awb-padding-bottom:5%;--awb-padding-left:5%;--awb-background-image:url(&quot;http:\/\/www.forumvicus.cat\/wp-content\/uploads\/2019\/02\/fregala2.jpg&quot;);--awb-background-size:cover;--awb-border-sizes-top:0px;--awb-border-sizes-bottom:0px;--awb-flex-wrap:wrap;\" ><div class=\"fusion-builder-row fusion-row\"><div class=\"fusion-layout-column fusion_builder_column fusion-builder-column-0 fusion_builder_column_1_1 1_1 fusion-one-full fusion-column-first fusion-column-last\" style=\"--awb-bg-size:cover;\"><div class=\"fusion-column-wrapper fusion-flex-column-wrapper-legacy\"><div class=\"fusion-text fusion-text-1\"><h1 style=\"text-align: left;\"><span style=\"color: #ffffff;\"><strong>Regala Forum Vicus<\/strong><\/span><\/h1>\n<\/div><div class=\"fusion-clearfix\"><\/div><\/div><\/div><\/div><\/div><div class=\"fusion-fullwidth fullwidth-box fusion-builder-row-2 nonhundred-percent-fullwidth non-hundred-percent-height-scrolling fusion-equal-height-columns\" style=\"--awb-background-position:left top;--awb-border-radius-top-left:0px;--awb-border-radius-top-right:0px;--awb-border-radius-bottom-right:0px;--awb-border-radius-bottom-left:0px;--awb-padding-top:5%;--awb-padding-right:5%;--awb-padding-bottom:5%;--awb-padding-left:5%;--awb-border-sizes-top:0px;--awb-border-sizes-bottom:0px;--awb-flex-wrap:wrap;\" ><div class=\"fusion-builder-row fusion-row\"><div class=\"fusion-layout-column fusion_builder_column fusion-builder-column-1 fusion_builder_column_1_1 1_1 fusion-one-full fusion-column-first fusion-column-last\" style=\"--awb-bg-size:cover;\"><div class=\"fusion-column-wrapper fusion-flex-column-wrapper-legacy\"><div class=\"fusion-text fusion-text-2\"><h2>Regala una experiencia \u00fanica y diferente, <strong>regala emociones<\/strong>!<\/h2>\n<\/div><div class=\"fusion-text fusion-text-3\"><h3>Les proponemos regalar una visita, a elegir entre todas las que os ofrecemos en nuestra web. S\u00f3lo es necesario que nos indique qu\u00e9 visita desea hacer y para cuantas personas, y le enviaremos por correo electr\u00f3nico el cheque regalo.<\/h3>\n<h3>P\u00f3ngase en contacto con nosotros, a trav\u00e9s del mail visites@forumvicus.cat o al tel\u00e9fono 646 41 33 10, inform\u00e1ndonos de la visita que le gustar\u00eda regalar y los datos de la persona a quien quiere regalarlo. Desde FORUM VICUS le enviaremos el vale regalo debidamente llenado *.<\/h3>\n<h3><strong>Regala FORUM VICUS! regala cultura!<\/strong><\/h3>\n<p><em>* Para hacer efectivo el Cheque regalo previamente debe haberse concertado la visita y las condiciones con FORUM VICUS.<\/em><\/p>\n<\/div><div class=\"fusion-sep-clear\"><\/div><div class=\"fusion-separator fusion-full-width-sep\" style=\"margin-left: auto;margin-right: auto;margin-top:10px;margin-bottom:20px;width:100%;\"><\/div><div class=\"fusion-sep-clear\"><\/div><div class=\"fusion-clearfix\"><\/div><\/div><\/div><\/div><\/div><\/p>\n","protected":false},"excerpt":{"rendered":"","protected":false},"author":1,"featured_media":0,"parent":0,"menu_order":0,"comment_status":"closed","ping_status":"closed","template":"100-width.php","meta":{"footnotes":""},"class_list":["post-2071","page","type-page","status-publish","hentry"],"yoast_head":"<!-- This site is optimized with the Yoast SEO plugin v27.5 - https:\/\/yoast.com\/product\/yoast-seo-wordpress\/ -->\n<title>Visitas a medida, personalizadas y guiadas por Vic y Osona - Forum Vicus<\/title>\n<meta name=\"description\" content=\"Desde Forum Vicus podemos organizar visitas a medida y totalmente personalizadas. Visitas para grupos escolares, para empresas y organizaciones ...\" \/>\n<meta name=\"robots\" content=\"index, follow, max-snippet:-1, max-image-preview:large, max-video-preview:-1\" \/>\n<link rel=\"canonical\" href=\"https:\/\/www.forumvicus.cat\/es\/regala\/\" \/>\n<meta property=\"og:locale\" content=\"es_ES\" \/>\n<meta property=\"og:type\" content=\"article\" \/>\n<meta property=\"og:title\" content=\"Visitas a medida, personalizadas y guiadas por Vic y Osona - Forum Vicus\" \/>\n<meta property=\"og:description\" content=\"Desde Forum Vicus podemos organizar visitas a medida y totalmente personalizadas. Visitas para grupos escolares, para empresas y organizaciones ...\" \/>\n<meta property=\"og:url\" content=\"https:\/\/www.forumvicus.cat\/es\/regala\/\" \/>\n<meta property=\"og:site_name\" content=\"FORUM VICUS\" \/>\n<meta property=\"article:modified_time\" content=\"2019-02-11T10:30:45+00:00\" \/>\n<meta name=\"twitter:card\" content=\"summary_large_image\" \/>\n<meta name=\"twitter:label1\" content=\"Tiempo de lectura\" \/>\n\t<meta name=\"twitter:data1\" content=\"3 minutos\" \/>\n<script type=\"application\/ld+json\" class=\"yoast-schema-graph\">{\"@context\":\"https:\\\/\\\/schema.org\",\"@graph\":[{\"@type\":\"WebPage\",\"@id\":\"https:\\\/\\\/www.forumvicus.cat\\\/es\\\/regala\\\/\",\"url\":\"https:\\\/\\\/www.forumvicus.cat\\\/es\\\/regala\\\/\",\"name\":\"Visitas a medida, personalizadas y guiadas por Vic y Osona - Forum Vicus\",\"isPartOf\":{\"@id\":\"https:\\\/\\\/www.forumvicus.cat\\\/#website\"},\"datePublished\":\"2019-02-05T09:18:55+00:00\",\"dateModified\":\"2019-02-11T10:30:45+00:00\",\"description\":\"Desde Forum Vicus podemos organizar visitas a medida y totalmente personalizadas. Visitas para grupos escolares, para empresas y organizaciones ...\",\"breadcrumb\":{\"@id\":\"https:\\\/\\\/www.forumvicus.cat\\\/es\\\/regala\\\/#breadcrumb\"},\"inLanguage\":\"es\",\"potentialAction\":[{\"@type\":\"ReadAction\",\"target\":[\"https:\\\/\\\/www.forumvicus.cat\\\/es\\\/regala\\\/\"]}]},{\"@type\":\"BreadcrumbList\",\"@id\":\"https:\\\/\\\/www.forumvicus.cat\\\/es\\\/regala\\\/#breadcrumb\",\"itemListElement\":[{\"@type\":\"ListItem\",\"position\":1,\"name\":\"Portada\",\"item\":\"https:\\\/\\\/www.forumvicus.cat\\\/es\\\/\"},{\"@type\":\"ListItem\",\"position\":2,\"name\":\"Regala FORUM VICUS\"}]},{\"@type\":\"WebSite\",\"@id\":\"https:\\\/\\\/www.forumvicus.cat\\\/#website\",\"url\":\"https:\\\/\\\/www.forumvicus.cat\\\/\",\"name\":\"FORUM VICUS\",\"description\":\"V\u00edsites guiades per Vic i Osona. Visites tur\u00edstiques i culturals.\",\"potentialAction\":[{\"@type\":\"SearchAction\",\"target\":{\"@type\":\"EntryPoint\",\"urlTemplate\":\"https:\\\/\\\/www.forumvicus.cat\\\/?s={search_term_string}\"},\"query-input\":{\"@type\":\"PropertyValueSpecification\",\"valueRequired\":true,\"valueName\":\"search_term_string\"}}],\"inLanguage\":\"es\"}]}<\/script>\n<!-- \/ Yoast SEO plugin. -->","yoast_head_json":{"title":"Visitas a medida, personalizadas y guiadas por Vic y Osona - Forum Vicus","description":"Desde Forum Vicus podemos organizar visitas a medida y totalmente personalizadas. Visitas para grupos escolares, para empresas y organizaciones ...","robots":{"index":"index","follow":"follow","max-snippet":"max-snippet:-1","max-image-preview":"max-image-preview:large","max-video-preview":"max-video-preview:-1"},"canonical":"https:\/\/www.forumvicus.cat\/es\/regala\/","og_locale":"es_ES","og_type":"article","og_title":"Visitas a medida, personalizadas y guiadas por Vic y Osona - Forum Vicus","og_description":"Desde Forum Vicus podemos organizar visitas a medida y totalmente personalizadas. Visitas para grupos escolares, para empresas y organizaciones ...","og_url":"https:\/\/www.forumvicus.cat\/es\/regala\/","og_site_name":"FORUM VICUS","article_modified_time":"2019-02-11T10:30:45+00:00","twitter_card":"summary_large_image","twitter_misc":{"Tiempo de lectura":"3 minutos"},"schema":{"@context":"https:\/\/schema.org","@graph":[{"@type":"WebPage","@id":"https:\/\/www.forumvicus.cat\/es\/regala\/","url":"https:\/\/www.forumvicus.cat\/es\/regala\/","name":"Visitas a medida, personalizadas y guiadas por Vic y Osona - Forum Vicus","isPartOf":{"@id":"https:\/\/www.forumvicus.cat\/#website"},"datePublished":"2019-02-05T09:18:55+00:00","dateModified":"2019-02-11T10:30:45+00:00","description":"Desde Forum Vicus podemos organizar visitas a medida y totalmente personalizadas. Visitas para grupos escolares, para empresas y organizaciones ...","breadcrumb":{"@id":"https:\/\/www.forumvicus.cat\/es\/regala\/#breadcrumb"},"inLanguage":"es","potentialAction":[{"@type":"ReadAction","target":["https:\/\/www.forumvicus.cat\/es\/regala\/"]}]},{"@type":"BreadcrumbList","@id":"https:\/\/www.forumvicus.cat\/es\/regala\/#breadcrumb","itemListElement":[{"@type":"ListItem","position":1,"name":"Portada","item":"https:\/\/www.forumvicus.cat\/es\/"},{"@type":"ListItem","position":2,"name":"Regala FORUM VICUS"}]},{"@type":"WebSite","@id":"https:\/\/www.forumvicus.cat\/#website","url":"https:\/\/www.forumvicus.cat\/","name":"FORUM VICUS","description":"V\u00edsites guiades per Vic i Osona. Visites tur\u00edstiques i culturals.","potentialAction":[{"@type":"SearchAction","target":{"@type":"EntryPoint","urlTemplate":"https:\/\/www.forumvicus.cat\/?s={search_term_string}"},"query-input":{"@type":"PropertyValueSpecification","valueRequired":true,"valueName":"search_term_string"}}],"inLanguage":"es"}]}},"_links":{"self":[{"href":"https:\/\/www.forumvicus.cat\/es\/wp-json\/wp\/v2\/pages\/2071","targetHints":{"allow":["GET"]}}],"collection":[{"href":"https:\/\/www.forumvicus.cat\/es\/wp-json\/wp\/v2\/pages"}],"about":[{"href":"https:\/\/www.forumvicus.cat\/es\/wp-json\/wp\/v2\/types\/page"}],"author":[{"embeddable":true,"href":"https:\/\/www.forumvicus.cat\/es\/wp-json\/wp\/v2\/users\/1"}],"replies":[{"embeddable":true,"href":"https:\/\/www.forumvicus.cat\/es\/wp-json\/wp\/v2\/comments?post=2071"}],"version-history":[{"count":3,"href":"https:\/\/www.forumvicus.cat\/es\/wp-json\/wp\/v2\/pages\/2071\/revisions"}],"predecessor-version":[{"id":2098,"href":"https:\/\/www.forumvicus.cat\/es\/wp-json\/wp\/v2\/pages\/2071\/revisions\/2098"}],"wp:attachment":[{"href":"https:\/\/www.forumvicus.cat\/es\/wp-json\/wp\/v2\/media?parent=2071"}],"curies":[{"name":"wp","href":"https:\/\/api.w.org\/{rel}","templated":true}]}}