{"id":2059,"date":"2015-12-14T04:09:47","date_gmt":"2015-12-14T04:09:47","guid":{"rendered":"http:\/\/www.forumvicus.cat\/home\/"},"modified":"2022-09-26T13:58:28","modified_gmt":"2022-09-26T13:58:28","slug":"home","status":"publish","type":"page","link":"https:\/\/www.forumvicus.cat\/es\/","title":{"rendered":"Forum Vicus. Visitas y rutas tur\u00edsticas y culturales guiadas por Vic y Osona."},"content":{"rendered":"<p><div class=\"fusion-fullwidth fullwidth-box fusion-builder-row-1 has-pattern-background has-mask-background fusion-parallax-fixed nonhundred-percent-fullwidth non-hundred-percent-height-scrolling\" style=\"--awb-background-blend-mode:overlay;--awb-border-sizes-top:0px;--awb-border-sizes-bottom:0px;--awb-border-sizes-left:0px;--awb-border-sizes-right:0px;--awb-border-radius-top-left:0px;--awb-border-radius-top-right:0px;--awb-border-radius-bottom-right:0px;--awb-border-radius-bottom-left:0px;--awb-padding-top:14%;--awb-padding-right:3%;--awb-padding-bottom:14%;--awb-padding-left:3%;--awb-background-color:rgba(0,0,0,0.3);--awb-background-image:url(&quot;https:\/\/www.forumvicus.cat\/wp-content\/uploads\/2022\/09\/xevcervera-1024x768.jpg&quot;);--awb-background-size:cover;--awb-flex-wrap:wrap;background-attachment:fixed;\" ><div class=\"fusion-builder-row fusion-row\"><div class=\"fusion-layout-column fusion_builder_column fusion-builder-column-0 fusion_builder_column_1_1 1_1 fusion-one-full fusion-column-first fusion-column-last\" style=\"--awb-bg-size:cover;\"><div class=\"fusion-column-wrapper fusion-flex-column-wrapper-legacy\"><div class=\"fusion-text fusion-text-1\"><h1 style=\"text-align: center;\"><span style=\"color: #ffffff;\"><strong>Mis visitas no son clases de historia. Son un recorrido lleno de emociones y sorpresas.<\/strong><\/span><\/h1>\n<p style=\"font-size: 30px; line-height: 36px; text-align: center;\"><span style=\"color: #ffffff;\"><em>Xavier Cervera<\/em><\/span><\/p>\n<\/div><div class=\"fusion-sep-clear\"><\/div><div class=\"fusion-separator fusion-full-width-sep\" style=\"margin-left: auto;margin-right: auto;margin-top:15px;margin-bottom:10px;width:100%;\"><\/div><div class=\"fusion-sep-clear\"><\/div><div class=\"fusion-clearfix\"><\/div><\/div><\/div><\/div><\/div><div class=\"fusion-fullwidth fullwidth-box fusion-builder-row-2 nonhundred-percent-fullwidth non-hundred-percent-height-scrolling\" style=\"--awb-background-position:left top;--awb-border-sizes-top:0px;--awb-border-sizes-bottom:0px;--awb-border-sizes-left:0px;--awb-border-sizes-right:0px;--awb-border-radius-top-left:0px;--awb-border-radius-top-right:0px;--awb-border-radius-bottom-right:0px;--awb-border-radius-bottom-left:0px;--awb-padding-top:100px;--awb-padding-bottom:100px;--awb-flex-wrap:wrap;\" ><div class=\"fusion-builder-row fusion-row\"><div class=\"fusion-layout-column fusion_builder_column fusion-builder-column-1 fusion_builder_column_1_1 1_1 fusion-one-full fusion-column-first fusion-column-last\" style=\"--awb-bg-size:cover;\"><div class=\"fusion-column-wrapper fusion-flex-column-wrapper-legacy\"><div class=\"fusion-image-element fusion-image-align-center in-legacy-container\" style=\"text-align:center;--awb-caption-title-font-family:var(--h2_typography-font-family);--awb-caption-title-font-weight:var(--h2_typography-font-weight);--awb-caption-title-font-style:var(--h2_typography-font-style);--awb-caption-title-size:var(--h2_typography-font-size);--awb-caption-title-transform:var(--h2_typography-text-transform);--awb-caption-title-line-height:var(--h2_typography-line-height);--awb-caption-title-letter-spacing:var(--h2_typography-letter-spacing);\"><div class=\"imageframe-align-center\"><span class=\" fusion-imageframe imageframe-none imageframe-1 hover-type-none\"><img decoding=\"async\" width=\"70\" height=\"70\" title=\"logoicog1\" src=\"https:\/\/www.forumvicus.cat\/wp-content\/uploads\/2018\/10\/logoicog1.png\" alt class=\"img-responsive wp-image-888\" srcset=\"https:\/\/www.forumvicus.cat\/wp-content\/uploads\/2018\/10\/logoicog1-66x66.png 66w, https:\/\/www.forumvicus.cat\/wp-content\/uploads\/2018\/10\/logoicog1.png 70w\" sizes=\"(max-width: 70px) 100vw, 70px\" \/><\/span><\/div><\/div><div class=\"fusion-sep-clear\"><\/div><div class=\"fusion-separator fusion-full-width-sep\" style=\"margin-left: auto;margin-right: auto;margin-top:30px;margin-bottom:20px;width:100%;max-width:100%;\"><div class=\"fusion-separator-border sep-single sep-solid\" style=\"--awb-height:20px;--awb-amount:20px;--awb-sep-color:#afafaf;border-color:#afafaf;border-top-width:1px;\"><\/div><\/div><div class=\"fusion-sep-clear\"><\/div><div class=\"fusion-text fusion-text-2\"><h2 style=\"text-align: center;\"><strong><span style=\"color: #ba122b;\">Haz turismo cultural en Vic de la mano<br \/>\ndel gu\u00eda tur\u00edstico Xavier Cervera<\/span><\/strong><\/h2>\n<\/div><div class=\"fusion-text fusion-text-3\"><h3 style=\"text-align: center;\">Visitas y experiencias culturales guiadas por Vic y Osona<\/h3>\n<\/div><div class=\"fusion-clearfix\"><\/div><\/div><\/div><div class=\"fusion-layout-column fusion_builder_column fusion-builder-column-2 fusion_builder_column_1_1 1_1 fusion-one-full fusion-column-first fusion-column-last fusion-column-no-min-height\" style=\"--awb-bg-color:#ffffff;--awb-bg-color-hover:#ffffff;--awb-bg-size:cover;--awb-margin-top:30px;--awb-margin-bottom:0px;\"><div class=\"fusion-column-wrapper fusion-flex-column-wrapper-legacy\"><div class=\"fusion-content-boxes content-boxes columns row fusion-columns-3 fusion-columns-total-3 fusion-content-boxes-1 content-boxes-clean-horizontal content-left content-boxes-icon-on-side\" style=\"--awb-body-color:#757575;--awb-title-color:#000000;--awb-hover-accent-color:#bd0a2e;--awb-circle-hover-accent-color:#bd0a2e;\" data-animationOffset=\"top-into-view\"><div style=\"--awb-backgroundcolor:#ffffff;--awb-iconcolor:#000000;--awb-circle-hover-accent-color:transparent;border-color:#afafaf;\" class=\"fusion-column content-box-column content-box-column content-box-column-1 col-lg-4 col-md-4 col-sm-4 fusion-content-box-hover content-box-column-first-in-row\"><div class=\"col content-box-wrapper content-wrapper-background link-area-box link-type-text icon-hover-animation-fade fusion-animated\" data-link=\"http:\/\/www.forumvicus.cat\/es\/vic-centro\/\" data-link-target=\"_self\" data-animationType=\"rubberBand\" data-animationDuration=\"0.1\" data-animationOffset=\"top-into-view\"><div class=\"heading icon-left\"><a class=\"heading-link\" href=\"http:\/\/www.forumvicus.cat\/es\/vic-centro\/\" target=\"_self\"><h4 class=\"content-box-heading fusion-responsive-typography-calculated\" style=\"--h4_typography-font-size:30px;--fontSize:30;line-height:1.50;\">Vic Centro<\/h4><\/a><\/div><div class=\"fusion-clearfix\"><\/div><div class=\"content-container\">\n<p>18 visitas para redescubrir y disfrutar, juntos, lugares, espacios y rincones que forman parte del centro de Vic.<\/p>\n<div class=\"fusion-fa-align-left\"><i class=\"fb-icon-element-1 fb-icon-element fontawesome-icon fa-arrow-right fas circle-no\" style=\"--awb-iconcolor:#afafaf;--awb-iconcolor-hover:#afafaf;--awb-font-size:15px;--awb-margin-right:7.5px;\"><\/i><\/div>\n<\/div><\/div><\/div><div style=\"--awb-backgroundcolor:#ffffff;--awb-iconcolor:#000000;--awb-circle-hover-accent-color:transparent;border-color:#afafaf;\" class=\"fusion-column content-box-column content-box-column content-box-column-2 col-lg-4 col-md-4 col-sm-4 fusion-content-box-hover \"><div class=\"col content-box-wrapper content-wrapper-background link-area-box link-type-text icon-hover-animation-fade fusion-animated\" data-link=\"http:\/\/www.forumvicus.cat\/es\/vic-fuera-murallas\/\" data-link-target=\"_self\" data-animationType=\"rubberBand\" data-animationDuration=\"0.1\" data-animationOffset=\"top-into-view\"><div class=\"heading icon-left\"><a class=\"heading-link\" href=\"http:\/\/www.forumvicus.cat\/es\/vic-fuera-murallas\/\" target=\"_self\"><h4 class=\"content-box-heading fusion-responsive-typography-calculated\" style=\"--h4_typography-font-size:30px;--fontSize:30;line-height:1.50;\">Vic fuera murallas<\/h4><\/a><\/div><div class=\"fusion-clearfix\"><\/div><div class=\"content-container\">\n<p>15 visitas para redescubrir lugares, espacios y rincones que forman parte de los barrios de Vic<\/p>\n<div class=\"fusion-fa-align-left\"><i class=\"fb-icon-element-2 fb-icon-element fontawesome-icon fa-arrow-right fas circle-no\" style=\"--awb-iconcolor:#afafaf;--awb-iconcolor-hover:#afafaf;--awb-font-size:15px;--awb-margin-right:7.5px;\"><\/i><\/div>\n<\/div><\/div><\/div><div style=\"--awb-backgroundcolor:#ffffff;--awb-iconcolor:#000000;--awb-circle-hover-accent-color:transparent;border-color:#afafaf;\" class=\"fusion-column content-box-column content-box-column content-box-column-3 col-lg-4 col-md-4 col-sm-4 fusion-content-box-hover content-box-column-last content-box-column-last-in-row\"><div class=\"col content-box-wrapper content-wrapper-background link-area-box link-type-text icon-hover-animation-fade fusion-animated\" data-link=\"http:\/\/www.forumvicus.cat\/es\/osona\/\" data-link-target=\"_self\" data-animationType=\"rubberBand\" data-animationDuration=\"0.1\" data-animationOffset=\"top-into-view\"><div class=\"heading icon-left\"><a class=\"heading-link\" href=\"http:\/\/www.forumvicus.cat\/es\/osona\/\" target=\"_self\"><h4 class=\"content-box-heading fusion-responsive-typography-calculated\" style=\"--h4_typography-font-size:30px;--fontSize:30;line-height:1.50;\">Comarca de Osona<\/h4><\/a><\/div><div class=\"fusion-clearfix\"><\/div><div class=\"content-container\">\n<p>3 visitas para redescubrir y disfrutar, juntos, en la comarca de Osona.<\/p>\n<div class=\"fusion-fa-align-left\"><i class=\"fb-icon-element-3 fb-icon-element fontawesome-icon fa-arrow-right fas circle-no\" style=\"--awb-iconcolor:#afafaf;--awb-iconcolor-hover:#afafaf;--awb-font-size:15px;--awb-margin-right:7.5px;\"><\/i><\/div>\n<\/div><\/div><\/div><div class=\"fusion-clearfix\"><\/div><\/div><div class=\"fusion-clearfix\"><\/div><\/div><\/div><\/div><\/div><div class=\"fusion-fullwidth fullwidth-box fusion-builder-row-3 hundred-percent-fullwidth non-hundred-percent-height-scrolling fusion-equal-height-columns\" style=\"--awb-background-position:right bottom;--awb-border-sizes-top:0px;--awb-border-sizes-bottom:0px;--awb-border-sizes-left:0px;--awb-border-sizes-right:0px;--awb-border-radius-top-left:0px;--awb-border-radius-top-right:0px;--awb-border-radius-bottom-right:0px;--awb-border-radius-bottom-left:0px;--awb-padding-top:0px;--awb-padding-right:0px;--awb-padding-bottom:0px;--awb-padding-left:0px;--awb-flex-wrap:wrap;\" ><div class=\"fusion-builder-row fusion-row\"><div class=\"fusion-layout-column fusion_builder_column fusion-builder-column-3 fusion_builder_column_1_2 1_2 fusion-one-half fusion-column-first\" style=\"--awb-bg-image:url(&#039;http:\/\/www.forumvicus.cat\/wp-content\/uploads\/2018\/11\/fodesdelcampanar.jpg&#039;);--awb-bg-position:center center;--awb-bg-size:cover;--awb-margin-bottom:0px;\"><div class=\"fusion-column-wrapper fusion-flex-column-wrapper-legacy fusion-empty-column-bg-image fusion-column-has-bg-image\" data-bg-url=\"http:\/\/www.forumvicus.cat\/wp-content\/uploads\/2018\/11\/fodesdelcampanar.jpg\"><img decoding=\"async\" class=\"fusion-empty-dims-img-placeholder fusion-no-large-visibility\" src=\"data:image\/gif;base64,R0lGODlhAQABAAAAACH5BAEKAAEALAAAAAABAAEAAAICTAEAOw==\"><div class=\"fusion-clearfix\"><\/div><\/div><\/div><div class=\"fusion-layout-column fusion_builder_column fusion-builder-column-4 fusion_builder_column_1_2 1_2 fusion-one-half fusion-column-last\" style=\"--awb-padding-top:13%;--awb-padding-right:13%;--awb-padding-bottom:13%;--awb-padding-left:13%;--awb-bg-color:#474747;--awb-bg-color-hover:#474747;--awb-bg-size:cover;\"><div class=\"fusion-column-wrapper fusion-flex-column-wrapper-legacy\"><div class=\"fusion-text fusion-text-4\"><h2 style=\"color: #ffffff; text-align: left;\">Xavier Cervera presenta el Programa del 9TV \u00ab<strong>Desde el campanario<\/strong>\u00ab<\/h2>\n<\/div><div class=\"fusion-sep-clear\"><\/div><div class=\"fusion-separator fusion-clearfix\" style=\"float:left;margin-top:0px;margin-bottom:30px;width:100%;max-width:400px;\"><div class=\"fusion-separator-border sep-single sep-solid\" style=\"--awb-height:20px;--awb-amount:20px;--awb-sep-color:#d1d1d1;border-color:#d1d1d1;border-top-width:2px;\"><\/div><\/div><div class=\"fusion-sep-clear\"><\/div><div class=\"fusion-text fusion-text-5\"><h3 style=\"color: #fcfcfc; text-align: left;\">Las ciudades y pueblos de Osona vistas desde sus campanarios. Con Xavier Cervera en la presentaci\u00f3n. Cada cap\u00edtulo comienza con la entrevista a un personaje desde el campanario de la iglesia de su municipio. Es el punto de partida para conocer el pasado y el presente de cada ciudad a trav\u00e9s del testimonio de sus vecinos.<\/h3>\n<\/div><div class=\"fusion-sep-clear\"><\/div><div class=\"fusion-separator fusion-full-width-sep\" style=\"margin-left: auto;margin-right: auto;margin-top:40px;width:100%;\"><\/div><div class=\"fusion-sep-clear\"><\/div><div class=\"fusion-button-wrapper fusion-alignleft\"><a class=\"fusion-button button-flat button-xlarge button-custom fusion-button-default button-1 fusion-button-span-no fusion-button-default-type\" style=\"--button_accent_color:#ffffff;--button_accent_hover_color:#ffffff;--button_border_hover_color:#ffffff;--button_border_width-top:1px;--button_border_width-right:1px;--button_border_width-bottom:1px;--button_border_width-left:1px;--button_gradient_top_color:rgba(186,18,43,0);--button_gradient_bottom_color:rgba(186,18,43,0);--button_gradient_top_color_hover:rgba(0,0,0,0.65);--button_gradient_bottom_color_hover:rgba(0,0,0,0.65);\" target=\"_blank\" rel=\"noopener noreferrer\" href=\"http:\/\/el9nou.cat\/el9tv\/programa\/des-del-campanar\/\"><span class=\"fusion-button-text awb-button__text awb-button__text--default\">VER LOS PROGRAMAS<\/span><i class=\"fa-arrow-right fas awb-button__icon awb-button__icon--default button-icon-right\" aria-hidden=\"true\"><\/i><\/a><\/div><div class=\"fusion-clearfix\"><\/div><\/div><\/div><\/div><\/div><div class=\"fusion-fullwidth fullwidth-box fusion-builder-row-4 hundred-percent-fullwidth non-hundred-percent-height-scrolling fusion-equal-height-columns\" style=\"--awb-background-position:right bottom;--awb-border-sizes-top:0px;--awb-border-sizes-bottom:0px;--awb-border-sizes-left:0px;--awb-border-sizes-right:0px;--awb-border-radius-top-left:0px;--awb-border-radius-top-right:0px;--awb-border-radius-bottom-right:0px;--awb-border-radius-bottom-left:0px;--awb-padding-top:0px;--awb-padding-right:0px;--awb-padding-bottom:0px;--awb-padding-left:0px;--awb-flex-wrap:wrap;\" ><div class=\"fusion-builder-row fusion-row\"><div class=\"fusion-layout-column fusion_builder_column fusion-builder-column-5 fusion_builder_column_1_5 1_5 fusion-one-fifth fusion-column-first\" style=\"--awb-padding-top:13%;--awb-padding-right:13%;--awb-padding-bottom:13%;--awb-padding-left:13%;--awb-bg-color:#ffffff;--awb-bg-color-hover:#ffffff;--awb-bg-size:cover;\"><div class=\"fusion-column-wrapper fusion-flex-column-wrapper-legacy\"><div class=\"fusion-clearfix\"><\/div><\/div><\/div><div class=\"fusion-layout-column fusion_builder_column fusion-builder-column-6 fusion_builder_column_3_5 3_5 fusion-three-fifth\" style=\"--awb-padding-top:10%;--awb-padding-bottom:10%;--awb-bg-color:#ffffff;--awb-bg-color-hover:#ffffff;--awb-bg-size:cover;\"><div class=\"fusion-column-wrapper fusion-flex-column-wrapper-legacy\"><div class=\"fusion-text fusion-text-6\"><h2 style=\"color: #ffffff; text-align: center;\"><span style=\"color: #000000;\"><strong>Valoraciones de clientes<\/strong><\/span><\/h2>\n<\/div><div class=\"fusion-sep-clear\"><\/div><div class=\"fusion-separator\" style=\"margin-left: auto;margin-right: auto;margin-top:0px;margin-bottom:30px;width:100%;max-width:400px;\"><div class=\"fusion-separator-border sep-single sep-solid\" style=\"--awb-height:20px;--awb-amount:20px;--awb-sep-color:#d1d1d1;border-color:#d1d1d1;border-top-width:2px;\"><\/div><\/div><div class=\"fusion-sep-clear\"><\/div><div class=\"fusion-testimonials clean awb-speech-bubble-show fusion-testimonials-1\" style=\"--awb-textcolor:#515151;--awb-backgroundcolor:rgba(255,255,255,0);--awb-testimonial-border-style:solid;--awb-testimonial-border-color:var(--awb-color3);--awb-border-top-left-radius:0px;--awb-border-top-right-radius:0px;--awb-border-bottom-left-radius:0px;--awb-border-bottom-right-radius:0px;--testimonial-border-width-top:0px;--testimonial-border-width-right:0px;--testimonial-border-width-bottom:0px;--testimonial-border-width-left:0px;\" data-random=\"0\" data-speed=\"10000\"><div class=\"reviews\"><div class=\"review active-testimonial avatar-above no-avatar\"><blockquote class=\"testimonials-shortcode-blockquote\"><div class=\"awb-quote\"><div class=\"awb-quote-content\">\n<h3>Recomiendo contratar una visita con Javier, la que sea. Se aprende mucho de Vic.<\/h3>\n<\/div><\/div><\/blockquote><div class=\"author\"><span class=\"company-name\"><strong>Juan (Barcelona)<\/strong><\/span><\/div><\/div><div class=\"review avatar-above no-avatar\"><blockquote class=\"testimonials-shortcode-blockquote\"><div class=\"awb-quote\"><div class=\"awb-quote-content\">\n<h3>Ha sido un placer Xavier. Se nota tal y como dices que estas enamorado de tu ciudad. Muchas gracias por tus explicaciones!<\/h3>\n<\/div><\/div><\/blockquote><div class=\"author\"><span class=\"company-name\"><strong>Maria (Sabadell)<\/strong><\/span><\/div><\/div><div class=\"review avatar-above no-avatar\"><blockquote class=\"testimonials-shortcode-blockquote\"><div class=\"awb-quote\"><div class=\"awb-quote-content\">\n<h3>Gracias Xavier. Volveremos para aprender mas de t\u00ed y disfrutar de m\u00e1s visitas de las tuyas.<\/h3>\n<\/div><\/div><\/blockquote><div class=\"author\"><span class=\"company-name\"><strong>Fernando (Girona)<\/strong><\/span><\/div><\/div><\/div><div class=\"testimonial-pagination\" id=\"fusion-testimonials-1\"><a href=\"#\" aria-label=\"Testimonial Pagination\"  class=\"activeSlide\"><\/a><a href=\"#\" aria-label=\"Testimonial Pagination\" ><\/a><a href=\"#\" aria-label=\"Testimonial Pagination\" ><\/a><\/div><\/div><div class=\"fusion-clearfix\"><\/div><\/div><\/div><div class=\"fusion-layout-column fusion_builder_column fusion-builder-column-7 fusion_builder_column_1_5 1_5 fusion-one-fifth fusion-column-last\" style=\"--awb-padding-top:13%;--awb-padding-right:13%;--awb-padding-bottom:13%;--awb-padding-left:13%;--awb-bg-color:#ffffff;--awb-bg-color-hover:#ffffff;--awb-bg-size:cover;\"><div class=\"fusion-column-wrapper fusion-flex-column-wrapper-legacy\"><div class=\"fusion-clearfix\"><\/div><\/div><\/div><\/div><\/div><\/p>\n","protected":false},"excerpt":{"rendered":"","protected":false},"author":1,"featured_media":0,"parent":0,"menu_order":0,"comment_status":"closed","ping_status":"closed","template":"100-width.php","meta":{"footnotes":""},"class_list":["post-2059","page","type-page","status-publish","hentry"],"yoast_head":"<!-- This site is optimized with the Yoast SEO plugin v27.5 - https:\/\/yoast.com\/product\/yoast-seo-wordpress\/ -->\n<title>Visitas guiadas por Vic y Osona. Forum Vicus - Visitas tur\u00edsticas-culturales<\/title>\n<meta name=\"description\" content=\"Descubrir la ciudad de Vic y Osona de la mano del gu\u00eda tur\u00edstico Xavier Cervera, es hacerlo de una manera diferente y \u00fanica. Sus visitas son un recorrido lleno de emociones y sorpresas.\" \/>\n<meta name=\"robots\" content=\"index, follow, max-snippet:-1, max-image-preview:large, max-video-preview:-1\" \/>\n<link rel=\"canonical\" href=\"https:\/\/www.forumvicus.cat\/es\/\" \/>\n<meta property=\"og:locale\" content=\"es_ES\" \/>\n<meta property=\"og:type\" content=\"article\" \/>\n<meta property=\"og:title\" content=\"Visitas guiadas por Vic y Osona. Forum Vicus - Visitas tur\u00edsticas-culturales\" \/>\n<meta property=\"og:description\" content=\"Descubrir la ciudad de Vic y Osona de la mano del gu\u00eda tur\u00edstico Xavier Cervera, es hacerlo de una manera diferente y \u00fanica. Sus visitas son un recorrido lleno de emociones y sorpresas.\" \/>\n<meta property=\"og:url\" content=\"https:\/\/www.forumvicus.cat\/es\/\" \/>\n<meta property=\"og:site_name\" content=\"FORUM VICUS\" \/>\n<meta property=\"article:modified_time\" content=\"2022-09-26T13:58:28+00:00\" \/>\n<meta name=\"twitter:card\" content=\"summary_large_image\" \/>\n<meta name=\"twitter:label1\" content=\"Tiempo de lectura\" \/>\n\t<meta name=\"twitter:data1\" content=\"7 minutos\" \/>\n<script type=\"application\/ld+json\" class=\"yoast-schema-graph\">{\"@context\":\"https:\\\/\\\/schema.org\",\"@graph\":[{\"@type\":\"WebPage\",\"@id\":\"https:\\\/\\\/www.forumvicus.cat\\\/es\\\/\",\"url\":\"https:\\\/\\\/www.forumvicus.cat\\\/es\\\/\",\"name\":\"Visitas guiadas por Vic y Osona. Forum Vicus - Visitas tur\u00edsticas-culturales\",\"isPartOf\":{\"@id\":\"https:\\\/\\\/www.forumvicus.cat\\\/#website\"},\"datePublished\":\"2015-12-14T04:09:47+00:00\",\"dateModified\":\"2022-09-26T13:58:28+00:00\",\"description\":\"Descubrir la ciudad de Vic y Osona de la mano del gu\u00eda tur\u00edstico Xavier Cervera, es hacerlo de una manera diferente y \u00fanica. Sus visitas son un recorrido lleno de emociones y sorpresas.\",\"breadcrumb\":{\"@id\":\"https:\\\/\\\/www.forumvicus.cat\\\/es\\\/#breadcrumb\"},\"inLanguage\":\"es\",\"potentialAction\":[{\"@type\":\"ReadAction\",\"target\":[\"https:\\\/\\\/www.forumvicus.cat\\\/es\\\/\"]}]},{\"@type\":\"BreadcrumbList\",\"@id\":\"https:\\\/\\\/www.forumvicus.cat\\\/es\\\/#breadcrumb\",\"itemListElement\":[{\"@type\":\"ListItem\",\"position\":1,\"name\":\"Portada\",\"item\":\"https:\\\/\\\/www.forumvicus.cat\\\/es\\\/\"},{\"@type\":\"ListItem\",\"position\":2,\"name\":\"Forum Vicus. Visitas y rutas tur\u00edsticas y culturales guiadas por Vic y Osona.\"}]},{\"@type\":\"WebSite\",\"@id\":\"https:\\\/\\\/www.forumvicus.cat\\\/#website\",\"url\":\"https:\\\/\\\/www.forumvicus.cat\\\/\",\"name\":\"FORUM VICUS\",\"description\":\"V\u00edsites guiades per Vic i Osona. Visites tur\u00edstiques i culturals.\",\"potentialAction\":[{\"@type\":\"SearchAction\",\"target\":{\"@type\":\"EntryPoint\",\"urlTemplate\":\"https:\\\/\\\/www.forumvicus.cat\\\/?s={search_term_string}\"},\"query-input\":{\"@type\":\"PropertyValueSpecification\",\"valueRequired\":true,\"valueName\":\"search_term_string\"}}],\"inLanguage\":\"es\"}]}<\/script>\n<!-- \/ Yoast SEO plugin. -->","yoast_head_json":{"title":"Visitas guiadas por Vic y Osona. Forum Vicus - Visitas tur\u00edsticas-culturales","description":"Descubrir la ciudad de Vic y Osona de la mano del gu\u00eda tur\u00edstico Xavier Cervera, es hacerlo de una manera diferente y \u00fanica. Sus visitas son un recorrido lleno de emociones y sorpresas.","robots":{"index":"index","follow":"follow","max-snippet":"max-snippet:-1","max-image-preview":"max-image-preview:large","max-video-preview":"max-video-preview:-1"},"canonical":"https:\/\/www.forumvicus.cat\/es\/","og_locale":"es_ES","og_type":"article","og_title":"Visitas guiadas por Vic y Osona. Forum Vicus - Visitas tur\u00edsticas-culturales","og_description":"Descubrir la ciudad de Vic y Osona de la mano del gu\u00eda tur\u00edstico Xavier Cervera, es hacerlo de una manera diferente y \u00fanica. Sus visitas son un recorrido lleno de emociones y sorpresas.","og_url":"https:\/\/www.forumvicus.cat\/es\/","og_site_name":"FORUM VICUS","article_modified_time":"2022-09-26T13:58:28+00:00","twitter_card":"summary_large_image","twitter_misc":{"Tiempo de lectura":"7 minutos"},"schema":{"@context":"https:\/\/schema.org","@graph":[{"@type":"WebPage","@id":"https:\/\/www.forumvicus.cat\/es\/","url":"https:\/\/www.forumvicus.cat\/es\/","name":"Visitas guiadas por Vic y Osona. Forum Vicus - Visitas tur\u00edsticas-culturales","isPartOf":{"@id":"https:\/\/www.forumvicus.cat\/#website"},"datePublished":"2015-12-14T04:09:47+00:00","dateModified":"2022-09-26T13:58:28+00:00","description":"Descubrir la ciudad de Vic y Osona de la mano del gu\u00eda tur\u00edstico Xavier Cervera, es hacerlo de una manera diferente y \u00fanica. Sus visitas son un recorrido lleno de emociones y sorpresas.","breadcrumb":{"@id":"https:\/\/www.forumvicus.cat\/es\/#breadcrumb"},"inLanguage":"es","potentialAction":[{"@type":"ReadAction","target":["https:\/\/www.forumvicus.cat\/es\/"]}]},{"@type":"BreadcrumbList","@id":"https:\/\/www.forumvicus.cat\/es\/#breadcrumb","itemListElement":[{"@type":"ListItem","position":1,"name":"Portada","item":"https:\/\/www.forumvicus.cat\/es\/"},{"@type":"ListItem","position":2,"name":"Forum Vicus. Visitas y rutas tur\u00edsticas y culturales guiadas por Vic y Osona."}]},{"@type":"WebSite","@id":"https:\/\/www.forumvicus.cat\/#website","url":"https:\/\/www.forumvicus.cat\/","name":"FORUM VICUS","description":"V\u00edsites guiades per Vic i Osona. Visites tur\u00edstiques i culturals.","potentialAction":[{"@type":"SearchAction","target":{"@type":"EntryPoint","urlTemplate":"https:\/\/www.forumvicus.cat\/?s={search_term_string}"},"query-input":{"@type":"PropertyValueSpecification","valueRequired":true,"valueName":"search_term_string"}}],"inLanguage":"es"}]}},"_links":{"self":[{"href":"https:\/\/www.forumvicus.cat\/es\/wp-json\/wp\/v2\/pages\/2059","targetHints":{"allow":["GET"]}}],"collection":[{"href":"https:\/\/www.forumvicus.cat\/es\/wp-json\/wp\/v2\/pages"}],"about":[{"href":"https:\/\/www.forumvicus.cat\/es\/wp-json\/wp\/v2\/types\/page"}],"author":[{"embeddable":true,"href":"https:\/\/www.forumvicus.cat\/es\/wp-json\/wp\/v2\/users\/1"}],"replies":[{"embeddable":true,"href":"https:\/\/www.forumvicus.cat\/es\/wp-json\/wp\/v2\/comments?post=2059"}],"version-history":[{"count":5,"href":"https:\/\/www.forumvicus.cat\/es\/wp-json\/wp\/v2\/pages\/2059\/revisions"}],"predecessor-version":[{"id":2397,"href":"https:\/\/www.forumvicus.cat\/es\/wp-json\/wp\/v2\/pages\/2059\/revisions\/2397"}],"wp:attachment":[{"href":"https:\/\/www.forumvicus.cat\/es\/wp-json\/wp\/v2\/media?parent=2059"}],"curies":[{"name":"wp","href":"https:\/\/api.w.org\/{rel}","templated":true}]}}